{"id":2263,"date":"2026-03-16T19:18:13","date_gmt":"2026-03-16T19:18:13","guid":{"rendered":"https:\/\/protektapro.me\/?product=kozna-rukavica-asop"},"modified":"2026-03-16T19:18:13","modified_gmt":"2026-03-16T19:18:13","slug":"kozna-rukavica-asop","status":"publish","type":"product","link":"https:\/\/protektapro.me\/?product=kozna-rukavica-asop","title":{"rendered":"Ko\u017ena rukavica ASOP"},"content":{"rendered":"<p>-Ko\u017ena rukavica od gove\u0111e ko\u017ee s poja\u010danjima na palcu i dlanu<br \/> -Dlan: gove\u0111a ko\u017ea<br \/> -Nadlanica: gove\u0111a \u0161palt  ko\u017ea<br \/> -Man\u017eetna: \u0161palt ko\u017ea<br \/> -Standard: EN 420 EN 388 (4233X)<br \/> -Dostupne veli\u010dine: 10<br \/> -Pakovanje: 12\/72<\/p>\n<p><img decoding=\"async\" style=\"width: 50.3px; height: 50.3px;\" src=\"https:\/\/mivatex.co.rs\/image\/catalog\/Rukavice\/kozne rukavice\/Ko\u017ena rukavica ASOP\/EN 388.png\"><\/p>\n<p><img decoding=\"async\" style=\"width: 165px;\" src=\"https:\/\/mivatex.co.rs\/image\/catalog\/Rukavice\/kozne rukavice\/Ko\u017ena rukavica ASOP\/logo_LACUNA.png\"><\/p>\n","protected":false},"excerpt":{"rendered":"<p>-Ko\u017ena rukavica od gove\u0111e ko\u017ee s poja\u010danjima na palcu i dlanu -Dlan: gove\u0111a ko\u017ea -Nadlanica: gove\u0111a \u0161palt&#8230;<\/p>\n","protected":false},"featured_media":2264,"comment_status":"open","ping_status":"open","template":"","meta":[],"etheme_brands":[],"product_brand":[],"product_cat":[15],"product_tag":[],"class_list":{"0":"post-2263","1":"product","2":"type-product","3":"status-publish","4":"has-post-thumbnail","6":"product_cat-uncategorized","8":"first","9":"instock","10":"shipping-taxable","11":"product-type-simple"},"_links":{"self":[{"href":"https:\/\/protektapro.me\/index.php?rest_route=\/wp\/v2\/product\/2263","targetHints":{"allow":["GET"]}}],"collection":[{"href":"https:\/\/protektapro.me\/index.php?rest_route=\/wp\/v2\/product"}],"about":[{"href":"https:\/\/protektapro.me\/index.php?rest_route=\/wp\/v2\/types\/product"}],"replies":[{"embeddable":true,"href":"https:\/\/protektapro.me\/index.php?rest_route=%2Fwp%2Fv2%2Fcomments&post=2263"}],"version-history":[{"count":0,"href":"https:\/\/protektapro.me\/index.php?rest_route=\/wp\/v2\/product\/2263\/revisions"}],"wp:featuredmedia":[{"embeddable":true,"href":"https:\/\/protektapro.me\/index.php?rest_route=\/wp\/v2\/media\/2264"}],"wp:attachment":[{"href":"https:\/\/protektapro.me\/index.php?rest_route=%2Fwp%2Fv2%2Fmedia&parent=2263"}],"wp:term":[{"taxonomy":"brand","embeddable":true,"href":"https:\/\/protektapro.me\/index.php?rest_route=%2Fwp%2Fv2%2Fetheme_brands&post=2263"},{"taxonomy":"product_brand","embeddable":true,"href":"https:\/\/protektapro.me\/index.php?rest_route=%2Fwp%2Fv2%2Fproduct_brand&post=2263"},{"taxonomy":"product_cat","embeddable":true,"href":"https:\/\/protektapro.me\/index.php?rest_route=%2Fwp%2Fv2%2Fproduct_cat&post=2263"},{"taxonomy":"product_tag","embeddable":true,"href":"https:\/\/protektapro.me\/index.php?rest_route=%2Fwp%2Fv2%2Fproduct_tag&post=2263"}],"curies":[{"name":"wp","href":"https:\/\/api.w.org\/{rel}","templated":true}]}}