{"id":2257,"date":"2026-03-16T19:18:13","date_gmt":"2026-03-16T19:18:13","guid":{"rendered":"https:\/\/protektapro.me\/?product=kozna-rukavica-derby"},"modified":"2026-03-16T19:18:13","modified_gmt":"2026-03-16T19:18:13","slug":"kozna-rukavica-derby","status":"publish","type":"product","link":"https:\/\/protektapro.me\/?product=kozna-rukavica-derby","title":{"rendered":"Ko\u017ena rukavica DERBY"},"content":{"rendered":"<p>-Ko\u017ena rukavica, idealna za mehani\u010dke poslove<br \/> -Dlan: glatka bivolja ko\u017ea<br \/> -Nadlanica: bivolja \u0161palt ko\u017ea<br \/> -Man\u017eetna: bivolja \u0161palt ko\u017ea<br \/>\n<br \/> -Norme: EN 388:2019 (3131X)<br \/> -Veli\u010dina: 10-12<br \/> -Pakovanje: 12\/72 pari<\/p>\n<p><img decoding=\"async\" style=\"width: 165px;\" src=\"https:\/\/mivatex.co.rs\/image\/catalog\/Rukavice\/kozne rukavice\/Ko\u017ena rukavica DERBY\/logo_LACUNA.png\"><\/p>\n","protected":false},"excerpt":{"rendered":"<p>-Ko\u017ena rukavica, idealna za mehani\u010dke poslove -Dlan: glatka bivolja ko\u017ea -Nadlanica: bivolja \u0161palt ko\u017ea -Man\u017eetna: bivolja \u0161palt&#8230;<\/p>\n","protected":false},"featured_media":2258,"comment_status":"open","ping_status":"open","template":"","meta":[],"etheme_brands":[],"product_brand":[],"product_cat":[15],"product_tag":[],"class_list":{"0":"post-2257","1":"product","2":"type-product","3":"status-publish","4":"has-post-thumbnail","6":"product_cat-uncategorized","8":"first","9":"instock","10":"shipping-taxable","11":"product-type-simple"},"_links":{"self":[{"href":"https:\/\/protektapro.me\/index.php?rest_route=\/wp\/v2\/product\/2257","targetHints":{"allow":["GET"]}}],"collection":[{"href":"https:\/\/protektapro.me\/index.php?rest_route=\/wp\/v2\/product"}],"about":[{"href":"https:\/\/protektapro.me\/index.php?rest_route=\/wp\/v2\/types\/product"}],"replies":[{"embeddable":true,"href":"https:\/\/protektapro.me\/index.php?rest_route=%2Fwp%2Fv2%2Fcomments&post=2257"}],"version-history":[{"count":0,"href":"https:\/\/protektapro.me\/index.php?rest_route=\/wp\/v2\/product\/2257\/revisions"}],"wp:featuredmedia":[{"embeddable":true,"href":"https:\/\/protektapro.me\/index.php?rest_route=\/wp\/v2\/media\/2258"}],"wp:attachment":[{"href":"https:\/\/protektapro.me\/index.php?rest_route=%2Fwp%2Fv2%2Fmedia&parent=2257"}],"wp:term":[{"taxonomy":"brand","embeddable":true,"href":"https:\/\/protektapro.me\/index.php?rest_route=%2Fwp%2Fv2%2Fetheme_brands&post=2257"},{"taxonomy":"product_brand","embeddable":true,"href":"https:\/\/protektapro.me\/index.php?rest_route=%2Fwp%2Fv2%2Fproduct_brand&post=2257"},{"taxonomy":"product_cat","embeddable":true,"href":"https:\/\/protektapro.me\/index.php?rest_route=%2Fwp%2Fv2%2Fproduct_cat&post=2257"},{"taxonomy":"product_tag","embeddable":true,"href":"https:\/\/protektapro.me\/index.php?rest_route=%2Fwp%2Fv2%2Fproduct_tag&post=2257"}],"curies":[{"name":"wp","href":"https:\/\/api.w.org\/{rel}","templated":true}]}}