{"id":2126,"date":"2026-03-16T19:17:51","date_gmt":"2026-03-16T19:17:51","guid":{"rendered":"https:\/\/protektapro.me\/?product=kevlar-rukavica-vel-10"},"modified":"2026-03-16T19:17:51","modified_gmt":"2026-03-16T19:17:51","slug":"kevlar-rukavica-vel-10","status":"publish","type":"product","link":"https:\/\/protektapro.me\/?product=kevlar-rukavica-vel-10","title":{"rendered":"KEVLAR rukavica vel. 10"},"content":{"rendered":"<p>-Rukavica otporna na posekotine, be\u0161avno pletivo sa elasti\u010dnom man\u017eetnom i<br \/>\n sivim nitrilnim premazom za iznimno precizne radove u suvim uslovima<br \/> -Materijal: pletivo od Kevlar vlakna<br \/> -Premaz: premaz od nitrilne pene preko dlana<br \/> -Promer niti: 10<br \/> -Norma: EN 420, EN 388 4443<br \/> -Veli\u010dina: 10<\/p>\n<p><img decoding=\"async\" style=\"width: 167px;\" src=\"https:\/\/mivatex.co.rs\/image\/catalog\/Rukavice\/tehnicke rukavice\/KEVLAR rukavica vel. 10\/logo_COVERGUARD.png\"><\/p>\n","protected":false},"excerpt":{"rendered":"<p>-Rukavica otporna na posekotine, be\u0161avno pletivo sa elasti\u010dnom man\u017eetnom i sivim nitrilnim premazom za iznimno precizne radove&#8230;<\/p>\n","protected":false},"featured_media":2127,"comment_status":"open","ping_status":"open","template":"","meta":[],"etheme_brands":[],"product_brand":[],"product_cat":[15],"product_tag":[],"class_list":{"0":"post-2126","1":"product","2":"type-product","3":"status-publish","4":"has-post-thumbnail","6":"product_cat-uncategorized","8":"first","9":"instock","10":"shipping-taxable","11":"product-type-simple"},"_links":{"self":[{"href":"https:\/\/protektapro.me\/index.php?rest_route=\/wp\/v2\/product\/2126","targetHints":{"allow":["GET"]}}],"collection":[{"href":"https:\/\/protektapro.me\/index.php?rest_route=\/wp\/v2\/product"}],"about":[{"href":"https:\/\/protektapro.me\/index.php?rest_route=\/wp\/v2\/types\/product"}],"replies":[{"embeddable":true,"href":"https:\/\/protektapro.me\/index.php?rest_route=%2Fwp%2Fv2%2Fcomments&post=2126"}],"version-history":[{"count":0,"href":"https:\/\/protektapro.me\/index.php?rest_route=\/wp\/v2\/product\/2126\/revisions"}],"wp:featuredmedia":[{"embeddable":true,"href":"https:\/\/protektapro.me\/index.php?rest_route=\/wp\/v2\/media\/2127"}],"wp:attachment":[{"href":"https:\/\/protektapro.me\/index.php?rest_route=%2Fwp%2Fv2%2Fmedia&parent=2126"}],"wp:term":[{"taxonomy":"brand","embeddable":true,"href":"https:\/\/protektapro.me\/index.php?rest_route=%2Fwp%2Fv2%2Fetheme_brands&post=2126"},{"taxonomy":"product_brand","embeddable":true,"href":"https:\/\/protektapro.me\/index.php?rest_route=%2Fwp%2Fv2%2Fproduct_brand&post=2126"},{"taxonomy":"product_cat","embeddable":true,"href":"https:\/\/protektapro.me\/index.php?rest_route=%2Fwp%2Fv2%2Fproduct_cat&post=2126"},{"taxonomy":"product_tag","embeddable":true,"href":"https:\/\/protektapro.me\/index.php?rest_route=%2Fwp%2Fv2%2Fproduct_tag&post=2126"}],"curies":[{"name":"wp","href":"https:\/\/api.w.org\/{rel}","templated":true}]}}